{"id":2841,"date":"2025-10-08T11:30:27","date_gmt":"2025-10-08T11:30:27","guid":{"rendered":"https:\/\/www.hemadays.net\/?page_id=2841"},"modified":"2026-02-13T07:56:48","modified_gmt":"2026-02-13T07:56:48","slug":"schedule-2025","status":"publish","type":"page","link":"https:\/\/www.hemadays.net\/?page_id=2841","title":{"rendered":"Schedule 2025"},"content":{"rendered":"<h2>Programm&shy;&uuml;bersicht 2025<\/h2>\n<hr>\n<div>\n<div>19<\/div>\n<p>Freitag<\/p>\n<div>\n<div class=\"uk-h4 uk-text-background\">September<\/div>\n<\/div>\n<\/div>\n<div><strong>Wissenschaftliches Programm<\/strong><\/p>\n<\/div>\n<ul>\n<li>\n<h3>10:00<\/h3>\n<p>Martin Wiesholzer<br \/>Peter Bettelheim<\/p>\n<div><span class=\"uk-text-background\">Begr\u00fc\u00dfung<\/span><\/div>\n<\/li>\n<li>\n<h3>10:10<\/h3>\n<p><strong>Vositzende:<\/strong> Lukas Krammer, Philipp Darling<\/p>\n<div><strong>Nebenwirkungen und deren Management in der H\u00e4ma&shy;tologie<\/strong><\/div>\n<\/li>\n<li>\n<h3>10:10<\/h3>\n<p>Konstantin Krychtiuk<\/p>\n<div>Kardiologische Nebenwirkungen<br \/>in der H\u00e4ma&shy;tologie\n\t\t<\/div>\n<\/li>\n<li>\n<h3>10:40<\/h3>\n<p>Martin Wiesholzer<\/p>\n<div>Nephrologische Nebenwirkungen<br \/>in der H\u00e4ma&shy;tologie<\/div>\n<\/li>\n<li>\n<h3>11:10<\/h3>\n<p><strong>Vositzende:<\/strong> Josef Singer, Petra Pichler-Izmir<\/p>\n<div><strong>Multiples Myelom, indolente Lymphome<\/strong><\/div>\n<\/li>\n<li>\n<h3>11:10<\/h3>\n<p>Niklas Zojer<\/p>\n<div>\n<p>Therapie relapsiertes Myelom mit Fokus auf Immuntherapien<\/p>\n<\/div>\n<\/li>\n<li>\n<h3>11:40<\/h3>\n<p>Klaus Podar<\/p>\n<div>\n<p>Heilung beim Multiplen Myelom m\u00f6glich?<\/p>\n<\/div>\n<\/li>\n<li>\n<h3>12:10<\/h3>\n<p>Christian Buske<\/p>\n<div>\n<p>Update &mdash; Therapie der indolenten B-NHLs<\/p>\n<\/div>\n<\/li>\n<li>\n<h3>12:40<\/h3>\n<div><span class=\"uk-text-background\">Mittagspause<\/span><\/div>\n<\/li>\n<li>\n<h3>13:30<\/h3>\n<p><strong>Vorsitzende:<\/strong> Gabriel Kammerer, Gerhard Krajnik<\/p>\n<div><strong>Akute Lymphatische Leuk\u00e4mie<\/strong><\/div>\n<\/li>\n<li>\n<h3>13:30<\/h3>\n<p>Nicola G\u00f6kbuget<\/p>\n<div>Therapie der Ph-negative B-ALL im Zeitalter der Immuntherapie\n<\/div>\n<\/li>\n<li>\n<h3>14:00<\/h3>\n<p>Alexander Hauswirth <\/p>\n<div>Ph-positive B-ALL &mdash; chemofreie Therapie m\u00f6glich?\n<\/div>\n<\/li>\n<li>\n<h3>14:30<\/h3>\n<div><span class=\"uk-text-background\">Kaffeepause<\/span><\/div>\n<\/li>\n<li>\n<h3>15:00<\/h3>\n<p><strong>Vorsitzende:<\/strong> Sigrid Machherndl-Spandl, Lisa Steindl<\/p>\n<div><strong>Myeloische Leuk\u00e4mie<\/strong><\/div>\n<\/li>\n<li>\n<h3>15:00<\/h3>\n<p>Christian Fertl<\/p>\n<div>Myeloproliferative Erkrankungen &mdash; neue therapeutische Optionen\n<\/div>\n<\/li>\n<li>\n<h3>15:30<\/h3>\n<p>Michael Pfeilst\u00f6cker <\/p>\n<div>Update low risk MDS &mdash; wie Transfusionen vermeiden?\t<\/div>\n<\/li>\n<li>\n<h3>16:00<\/h3>\n<p>Gerhard Krajnik<\/p>\n<div>AML: Die Behandlung des \u00e4lteren Patienten<\/div>\n<\/li>\n<li>\n<h3>ab 17:30<\/h3>\n<p>Rendlkeller<\/p>\n<div><span class=\"uk-text-background\">Netzwerkmeeting<\/span><\/div>\n<\/li>\n<\/ul>\n<hr>\n<div>\n<div>20<\/div>\n<p>Samstag<\/p>\n<div>\n<div class=\"uk-h4 uk-text-background\">September<\/div>\n<\/div>\n<\/div>\n<div><strong>Sherlock Meets Science &mdash;<br \/>\nspannende h\u00e4matologische F\u00e4lle aus Nieder\u00f6sterreich<\/strong><\/div>\n<ul>\n<li>\n<h3>08:30<\/h3>\n<div><span class=\"uk-text-background\">Begr\u00fc\u00dfung<\/span><\/div>\n<\/li>\n<li>\n<h3>08:35<\/h3>\n<div><strong>Sitzung 1<\/strong><\/div>\n<\/li>\n<li>\n<p>\u2028Daniel Heintel <\/p>\n<div>Der siegreiche Pathologe<\/div>\n<\/li>\n<li>\n<p>Sigrid Machherndl-Spandl <\/p>\n<div>Die entz\u00fcndliche Haut<\/div>\n<\/li>\n<li>\n<p>Theresa Lentner<\/p>\n<div>Von jedem Dorf ein Hund<\/div>\n<\/li>\n<li>\n<p>Anais Lowatscheff<\/p>\n<div>Eine seltene Allergie<\/div>\n<\/li>\n<li>\n<p>Christian Fertl<\/p>\n<div>Wenn die Roten verschwinden<\/div>\n<\/li>\n<li>\n<h3>10:30<\/h3>\n<div><span class=\"uk-text-background\">Kaffeepause<\/span><\/div>\n<\/li>\n<li>\n<h3>11:00<\/h3>\n<div><strong>Sitzung 2<\/strong><\/div>\n<\/li>\n<li>\n<p>Florian Roitner i.\u2009V. Peter Bettelheim<\/p>\n<div>Das geschwisterliche Lymphom<\/div>\n<\/li>\n<li>\n<p>Philipp Darling<\/p>\n<div>Die mutierte Vasculitis<\/div>\n<\/li>\n<li>\n<p>\u2028Huda Ahmed<\/p>\n<div>Die gutm\u00fctigste Leuk\u00e4mie<\/div>\n<\/li>\n<li>\n<p>\u2028Peter Swoboda<\/p>\n<div>Nur der FACS kann helfen<\/div>\n<\/li>\n<li>\n<p>Viktoria Vashold<\/p>\n<div>Wo ist das Lymphom geblieben?<\/div>\n<\/li>\n<li>\n<h3>13:00<\/h3>\n<div><span class=\"uk-text-background\">Ende der Veranstaltung<\/span><\/div>\n<\/li>\n<\/ul>\n<hr>\n<h2>SAVE THE DATE!<\/h2>\n<h2>22. \u2014 23. J\u00e4nner 2027<\/h2>\n<div>Wir freuen uns auf Sie!<\/div>\n<p><p>\n        <a href=\"\/?page_id=1994\">Archiv<\/a>\n    <\/p>\n<\/p>\n<p><!--more--><br \/>\n<!-- {\"type\":\"layout\",\"children\":[{\"name\":\"Schedule 2025\",\"type\":\"section\",\"props\":{\"animation_delay\":\"200\",\"image\":\"wp-content\/uploads\/2023\/08\/large-back.svg\",\"image_effect\":\"parallax\",\"image_parallax_bgy\":\"-50,100\",\"image_parallax_breakpoint\":\"m\",\"image_parallax_easing\":\"1\",\"image_position\":\"center-left\",\"image_size\":\"cover\",\"media_visibility\":\"m\",\"overlap\":false,\"style\":\"muted\",\"title_breakpoint\":\"xl\",\"title_position\":\"top-left\",\"title_rotation\":\"left\",\"vertical_align\":\"\",\"width\":\"default\"},\"children\":[{\"type\":\"row\",\"children\":[{\"type\":\"column\",\"props\":{\"image_position\":\"center-center\",\"position_sticky_breakpoint\":\"m\",\"width_medium\":\"1-1\"},\"children\":[{\"type\":\"headline\",\"props\":{\"content\":\"Programm&shy;&uuml;bersicht 2025\",\"image_align\":\"left\",\"image_margin\":\"xsmall\",\"margin_bottom\":\"remove\",\"margin_top\":\"remove\",\"title_element\":\"h2\",\"title_style\":\"heading-small\"}},{\"type\":\"divider\",\"props\":{\"divider_element\":\"hr\",\"divider_style\":\"small\"}},{\"type\":\"text\",\"props\":{\"column_breakpoint\":\"m\",\"content\":\"Wir m\u00f6chten Sie darauf hinweisen, dass unser Programm noch nicht final ist und laufend aktualisiert bzw. erg\u00e4nzt wird.\",\"margin_bottom\":\"remove\",\"margin_top\":\"remove\",\"status\":\"disabled\",\"text_color\":\"primary\"}}]}]},{\"type\":\"row\",\"props\":{\"layout\":\"1-2,1-2\",\"margin_bottom\":\"large\",\"margin_top\":\"large\"},\"children\":[{\"type\":\"column\",\"props\":{\"image_position\":\"center-center\",\"position_sticky_breakpoint\":\"m\",\"width_medium\":\"1-2\"},\"children\":[{\"type\":\"panel\",\"props\":{\"attributes\":\".el-title { line-height: 0.8; }\",\"content\":\"\n\n<div class=\\\"uk-h4 uk-text-background\\\">September<\/div>\n\n\",\"content_column_breakpoint\":\"m\",\"content_dropcap\":false,\"image_align\":\"top\",\"image_grid_breakpoint\":\"m\",\"image_grid_width\":\"1-2\",\"image_svg_color\":\"emphasis\",\"link_style\":\"default\",\"link_text\":\"Read more\",\"margin_bottom\":\"default\",\"margin_top\":\"default\",\"meta\":\"Freitag\",\"meta_align\":\"below-content\",\"meta_color\":\"emphasis\",\"meta_element\":\"div\",\"meta_margin\":\"remove\",\"meta_style\":\"h5\",\"title\":\"19\",\"title_align\":\"left\",\"title_color\":\"background\",\"title_element\":\"div\",\"title_grid_breakpoint\":\"\",\"title_grid_column_gap\":\"small\",\"title_grid_width\":\"auto\",\"title_hover_style\":\"reset\",\"title_style\":\"heading-xlarge\"}},{\"type\":\"text\",\"props\":{\"column_breakpoint\":\"m\",\"content\":\"<strong>Wissenschaftliches Programm<\/strong>\n\n\",\"margin_bottom\":\"\",\"margin_top\":\"\",\"maxwidth\":\"large\"}},{\"type\":\"text\",\"props\":{\"column_breakpoint\":\"m\",\"content\":\"Das Programm f\u00fcr Freitag wird in K\u00fcrze bekanntgegeben\",\"margin_bottom\":\"default\",\"margin_top\":\"default\",\"status\":\"disabled\"}},{\"type\":\"description_list\",\"props\":{\"column_breakpoint\":\"m\",\"content_style\":\"text-lead\",\"layout\":\"grid-2\",\"list_element\":\"ul\",\"list_size\":\"large\",\"list_style\":\"divider\",\"margin_bottom\":\"medium\",\"margin_top\":\"medium\",\"meta_align\":\"below-content\",\"meta_style\":\"text-small\",\"show_content\":true,\"show_link\":true,\"show_meta\":true,\"show_title\":true,\"text_align\":\"left\",\"title_colon\":false,\"title_color\":\"background\",\"title_element\":\"div\",\"title_grid_column_gap\":\"small\",\"title_grid_row_gap\":\"small\",\"title_grid_width\":\"small\"},\"children\":[{\"type\":\"description_list_item\",\"props\":{\"content\":\"<span class=\\\"uk-text-background\\\">Begr\u00fc\u00dfung<\/span>\",\"meta\":\"Martin Wiesholzer<br \/>Peter Bettelheim\",\"title\":\"10:00\"}},{\"type\":\"description_list_item\",\"props\":{\"content\":\"<strong>Nebenwirkungen und deren Management in der H\u00e4ma&shy;tologie<\/strong>\",\"meta\":\"<strong>Vositzende:<\/strong> Lukas Krammer, Philipp Darling\",\"title\":\"10:10\"}},{\"type\":\"description_list_item\",\"props\":{\"content\":\"Kardiologische Nebenwirkungen<br \/>in der H\u00e4ma&shy;tologie\\n\\t\\t\",\"meta\":\"Konstantin Krychtiuk\",\"title\":\"10:10\"}},{\"type\":\"description_list_item\",\"props\":{\"content\":\"Nephrologische Nebenwirkungen<br \/>in der H\u00e4ma&shy;tologie\",\"meta\":\"Martin Wiesholzer\",\"title\":\"10:40\"}},{\"type\":\"description_list_item\",\"props\":{\"content\":\"<strong>Multiples Myelom, indolente Lymphome<\/strong>\",\"meta\":\"<strong>Vositzende:<\/strong> Josef Singer, Petra Pichler-Izmir\",\"title\":\"11:10\"}},{\"type\":\"description_list_item\",\"props\":{\"content\":\"\n\n<p>Therapie relapsiertes Myelom mit Fokus auf Immuntherapien<\/p>\n\n\",\"meta\":\"Niklas Zojer\",\"title\":\"11:10\"}},{\"type\":\"description_list_item\",\"props\":{\"content\":\"\n\n<p>Heilung beim Multiplen Myelom m\u00f6glich?<\/p>\n\n\\n\",\"meta\":\"Klaus Podar\",\"title\":\"11:40\"}},{\"type\":\"description_list_item\",\"props\":{\"content\":\"\n\n<p>Update &mdash; Therapie der indolenten B-NHLs<\/p>\n\n\",\"meta\":\"Christian Buske\",\"title\":\"12:10\"}},{\"type\":\"description_list_item\",\"props\":{\"content\":\"<span class=\\\"uk-text-background\\\">Mittagspause<\/span>\",\"meta\":\"\",\"title\":\"12:40\"}},{\"type\":\"description_list_item\",\"props\":{\"content\":\"<strong>Akute Lymphatische Leuk\u00e4mie<\/strong>\",\"meta\":\"<strong>Vorsitzende:<\/strong> Gabriel Kammerer, Gerhard Krajnik\",\"title\":\"13:30\"}},{\"type\":\"description_list_item\",\"props\":{\"content\":\"Therapie der Ph-negative B-ALL im Zeitalter der Immuntherapie\\n\",\"meta\":\"Nicola G\u00f6kbuget\",\"title\":\"13:30\"}},{\"type\":\"description_list_item\",\"props\":{\"content\":\"Ph-positive B-ALL &mdash; chemofreie Therapie m\u00f6glich?\\n\",\"meta\":\"Alexander Hauswirth \",\"title\":\"14:00\"}},{\"type\":\"description_list_item\",\"props\":{\"content\":\"<span class=\\\"uk-text-background\\\">Kaffeepause<\/span>\",\"meta\":\"\",\"title\":\"14:30\"}},{\"type\":\"description_list_item\",\"props\":{\"content\":\"<strong>Myeloische Leuk\u00e4mie<\/strong>\",\"meta\":\"<strong>Vorsitzende:<\/strong> Sigrid Machherndl-Spandl, Lisa Steindl\",\"title\":\"15:00\"}},{\"type\":\"description_list_item\",\"props\":{\"content\":\"Myeloproliferative Erkrankungen &mdash; neue therapeutische Optionen\\n\",\"meta\":\"Christian Fertl\",\"title\":\"15:00\"}},{\"type\":\"description_list_item\",\"props\":{\"content\":\"Update low risk MDS &mdash; wie Transfusionen vermeiden?\\t\",\"meta\":\"Michael Pfeilst\u00f6cker \",\"title\":\"15:30\"}},{\"type\":\"description_list_item\",\"props\":{\"content\":\"AML: Die Behandlung des \u00e4lteren Patienten\",\"meta\":\"Gerhard Krajnik\",\"title\":\"16:00\"}},{\"type\":\"description_list_item\",\"props\":{\"content\":\"<span class=\\\"uk-text-background\\\">Netzwerkmeeting<\/span>\",\"meta\":\"Rendlkeller\",\"title\":\"ab 17:30\"}}]},{\"type\":\"divider\",\"props\":{\"divider_element\":\"hr\",\"divider_style\":\"small\",\"margin_bottom\":\"large\",\"margin_top\":\"large\",\"visibility\":\"hidden-m\"}}]},{\"type\":\"column\",\"props\":{\"image_position\":\"center-center\",\"position_sticky_breakpoint\":\"m\",\"width_medium\":\"1-2\"},\"children\":[{\"type\":\"panel\",\"props\":{\"attributes\":\".el-title { line-height: 0.8; }\",\"content\":\"\n\n<div class=\\\"uk-h4 uk-text-background\\\">September<\/div>\n\n\",\"content_column_breakpoint\":\"m\",\"image_align\":\"top\",\"image_grid_breakpoint\":\"m\",\"image_grid_width\":\"1-2\",\"image_svg_color\":\"emphasis\",\"link_style\":\"default\",\"link_text\":\"Read more\",\"margin_bottom\":\"default\",\"margin_top\":\"default\",\"meta\":\"Samstag\",\"meta_align\":\"below-content\",\"meta_color\":\"emphasis\",\"meta_element\":\"div\",\"meta_margin\":\"remove\",\"meta_style\":\"h5\",\"title\":\"20\",\"title_align\":\"left\",\"title_color\":\"background\",\"title_element\":\"div\",\"title_grid_breakpoint\":\"\",\"title_grid_width\":\"auto\",\"title_hover_style\":\"reset\",\"title_style\":\"heading-xlarge\"}},{\"type\":\"text\",\"props\":{\"column_breakpoint\":\"m\",\"content\":\"<strong>Sherlock Meets Science &mdash;<br \/>\\nspannende h\u00e4matologische F\u00e4lle aus Nieder\u00f6sterreich<\/strong>\",\"margin_bottom\":\"\",\"margin_top\":\"\",\"maxwidth\":\"large\"}},{\"type\":\"description_list\",\"props\":{\"column_breakpoint\":\"m\",\"content_style\":\"text-lead\",\"layout\":\"grid-2\",\"list_element\":\"ul\",\"list_size\":\"large\",\"list_style\":\"divider\",\"margin_bottom\":\"medium\",\"margin_top\":\"medium\",\"meta_align\":\"below-content\",\"meta_style\":\"text-small\",\"show_content\":true,\"show_link\":true,\"show_meta\":true,\"show_title\":true,\"title_colon\":false,\"title_color\":\"background\",\"title_element\":\"div\",\"title_grid_column_gap\":\"medium\",\"title_grid_row_gap\":\"medium\",\"title_grid_width\":\"small\"},\"children\":[{\"type\":\"description_list_item\",\"props\":{\"content\":\"<span class=\\\"uk-text-background\\\">Begr\u00fc\u00dfung<\/span>\",\"title\":\"08:30\"}},{\"type\":\"description_list_item\",\"props\":{\"content\":\"<strong>Sitzung 1<\/strong>\",\"meta\":\"\",\"title\":\"08:35\"}},{\"type\":\"description_list_item\",\"props\":{\"content\":\"Der siegreiche Pathologe\",\"meta\":\"\\u2028Daniel Heintel \",\"title\":\"\"}},{\"type\":\"description_list_item\",\"props\":{\"content\":\"Die entz\u00fcndliche Haut\",\"meta\":\"Sigrid Machherndl-Spandl \",\"title\":\"\"}},{\"type\":\"description_list_item\",\"props\":{\"content\":\"Von jedem Dorf ein Hund\",\"meta\":\"Theresa Lentner\",\"title\":\"\"}},{\"type\":\"description_list_item\",\"props\":{\"content\":\"Eine seltene Allergie\",\"meta\":\"Anais Lowatscheff\",\"title\":\"\"}},{\"type\":\"description_list_item\",\"props\":{\"content\":\"Wenn die Roten verschwinden\",\"meta\":\"Christian Fertl\",\"title\":\"\"}},{\"type\":\"description_list_item\",\"props\":{\"content\":\"<span class=\\\"uk-text-background\\\">Kaffeepause<\/span>\",\"title\":\"10:30\"}},{\"type\":\"description_list_item\",\"props\":{\"content\":\"<strong>Sitzung 2<\/strong>\",\"meta\":\"\",\"title\":\"11:00\"}},{\"type\":\"description_list_item\",\"props\":{\"content\":\"Das geschwisterliche Lymphom\",\"meta\":\"Florian Roitner i.\u2009V. Peter Bettelheim\",\"title\":\"\"}},{\"type\":\"description_list_item\",\"props\":{\"content\":\"Die mutierte Vasculitis\",\"meta\":\"Philipp Darling\",\"title\":\"\"}},{\"type\":\"description_list_item\",\"props\":{\"content\":\"Die gutm\u00fctigste Leuk\u00e4mie\",\"meta\":\"\\u2028Huda Ahmed\"}},{\"type\":\"description_list_item\",\"props\":{\"content\":\"Nur der FACS kann helfen\",\"meta\":\"\\u2028Peter Swoboda\"}},{\"type\":\"description_list_item\",\"props\":{\"content\":\"Wo ist das Lymphom geblieben?\",\"meta\":\"Viktoria Vashold\"}},{\"type\":\"description_list_item\",\"props\":{\"content\":\"<span class=\\\"uk-text-background\\\">Ende der Veranstaltung<\/span>\",\"title\":\"13:00\"}}]},{\"type\":\"description_list\",\"props\":{\"column_breakpoint\":\"m\",\"layout\":\"grid-2\",\"list_element\":\"ul\",\"list_size\":\"large\",\"list_style\":\"divider\",\"margin_bottom\":\"medium\",\"margin_top\":\"medium\",\"meta_align\":\"below-content\",\"meta_style\":\"text-small\",\"show_content\":true,\"show_link\":true,\"show_meta\":true,\"show_title\":true,\"status\":\"disabled\",\"title_colon\":false,\"title_color\":\"background\",\"title_element\":\"div\",\"title_grid_column_gap\":\"medium\",\"title_grid_row_gap\":\"medium\",\"title_grid_width\":\"small\"},\"children\":[{\"type\":\"description_list_item\",\"props\":{\"content\":\"<span class=\\\"uk-text-background\\\">Begr\u00fc\u00dfung<\/span>\",\"title\":\"09:00\"}},{\"type\":\"description_list_item\",\"props\":{\"content\":\"<b>Sitzung 1<\/b>\",\"title\":\"\"}},{\"type\":\"description_list_item\",\"props\":{\"content\":\"H\u00e4molytische An\u00e4mien - heiter bis t\u00f6dlich\",\"meta\":\"Ao. Univ. Prof. Dr. Wolfgang F\u00fcreder\",\"title\":\"09:05\"}},{\"type\":\"description_list_item\",\"props\":{\"content\":\"Therapierefrakt\u00e4re ITP \",\"meta\":\"OA Dr. Gabriel Kammerer\",\"title\":\"09:35\"}},{\"type\":\"description_list_item\",\"props\":{\"content\":\"<b>Sitzung 2<\/b>\",\"title\":\"\"}},{\"type\":\"description_list_item\",\"props\":{\"content\":\"Update - Management der MPNs\",\"meta\":\"Univ. Prof. Dr. Heinz Gisslinger\",\"title\":\"10:05\"}},{\"type\":\"description_list_item\",\"props\":{\"content\":\"CML - immer besser!\",\"meta\":\"Prim. Dr. Thamer  Sliwa\",\"title\":\"10:35\"}},{\"type\":\"description_list_item\",\"props\":{\"content\":\"<span class=\\\"uk-text-background\\\">Kaffeepause<\/span>\",\"title\":\"11:05\"}},{\"type\":\"description_list_item\",\"props\":{\"content\":\"<b>Sitzung 3<\/b>\",\"title\":\"\"}},{\"type\":\"description_list_item\",\"props\":{\"content\":\"Immune effector cell-associated neurotoxicity syndrome (ICANS) \u2013 Diagnose, Differentialdiagnose und Therapie\",\"meta\":\"Priv.-Doz. Dr. Markus Hutterer\",\"title\":\"11:40\"}},{\"type\":\"description_list_item\",\"props\":{\"content\":\"CAR-T-Zell-Therapie: H\u00e4matologische Nebenwirkungen und Infektionen\",\"meta\":\"Priv.-Doz. Dr. Kai Rejeski\",\"title\":\"12:10\"}},{\"type\":\"description_list_item\",\"props\":{\"content\":\"<span class=\\\"uk-text-background\\\">Mittagspause<\/span>\",\"title\":\"12:40\"}},{\"type\":\"description_list_item\",\"props\":{\"content\":\"<b>Sitzung 4<\/b>\",\"title\":\"\"}},{\"type\":\"description_list_item\",\"props\":{\"content\":\"CLL Update 2024 - (un)begrenzte M\u00f6glichkeiten\",\"meta\":\"OA Dr. Thomas N\u00f6sslinger\",\"title\":\"13:30\"}},{\"type\":\"description_list_item\",\"props\":{\"content\":\"DLBCL - Erstlinie optimieren\",\"meta\":\"Univ. Prof. Dr. Clemens Schmitt\",\"title\":\"14:00\"}},{\"type\":\"description_list_item\",\"props\":{\"content\":\"Paraprotein - die graue Eminenz\",\"meta\":\"Priv.-Doz.<sup>in<\/sup> Dr.<sup>in<\/sup> Hermine Agis\",\"title\":\"14:30\"}},{\"type\":\"description_list_item\",\"props\":{\"content\":\"\n\n<p><span class=\\\"uk-text-background\\\">Ende der Veranstaltung<\/span><\/p>\n\n\",\"title\":\"15:20\"}}]}]}]}]},{\"type\":\"section\",\"props\":{\"image_position\":\"center-center\",\"padding_bottom\":\"large\",\"padding_top\":\"none\",\"style\":\"muted\",\"title_breakpoint\":\"xl\",\"title_position\":\"top-left\",\"title_rotation\":\"left\",\"vertical_align\":\"middle\",\"width\":\"default\"},\"children\":[{\"type\":\"row\",\"children\":[{\"type\":\"column\",\"props\":{\"image_position\":\"center-center\",\"position_sticky_breakpoint\":\"m\"},\"children\":[{\"type\":\"divider\",\"props\":{\"divider_element\":\"hr\",\"margin_bottom\":\"large\",\"margin_top\":\"large\"}},{\"type\":\"headline\",\"props\":{\"content\":\"SAVE THE DATE!\",\"image_align\":\"left\",\"image_margin\":\"xsmall\",\"margin_bottom\":\"remove\",\"text_align\":\"left\",\"title_color\":\"primary\",\"title_element\":\"h2\",\"title_font_family\":\"secondary\",\"title_style\":\"h1\"}},{\"type\":\"headline\",\"props\":{\"content\":\"22. \u2014 23. J\u00e4nner 2027\",\"image_align\":\"left\",\"image_margin\":\"xsmall\",\"margin_top\":\"remove\",\"text_align\":\"left\",\"title_color\":\"primary\",\"title_element\":\"h2\",\"title_style\":\"h1\"}},{\"type\":\"headline\",\"props\":{\"content\":\"Wir freuen uns auf Sie!\",\"image_align\":\"left\",\"image_margin\":\"xsmall\",\"margin_bottom\":\"default\",\"margin_top\":\"default\",\"text_align\":\"left\",\"title_color\":\"primary\",\"title_element\":\"div\",\"title_style\":\"h4\"}}]}]}],\"name\":\"STD 2027\"},{\"type\":\"section\",\"props\":{\"image_position\":\"center-center\",\"style\":\"default\",\"title_breakpoint\":\"xl\",\"title_position\":\"top-left\",\"title_rotation\":\"left\",\"vertical_align\":\"middle\",\"width\":\"default\"},\"children\":[{\"type\":\"row\",\"children\":[{\"type\":\"column\",\"props\":{\"image_position\":\"center-center\",\"position_sticky_breakpoint\":\"m\"},\"children\":[{\"type\":\"button\",\"props\":{\"grid_column_gap\":\"small\",\"grid_row_gap\":\"small\",\"margin_bottom\":\"default\",\"margin_top\":\"default\",\"text_align\":\"left\"},\"children\":[{\"type\":\"button_item\",\"props\":{\"button_style\":\"primary\",\"content\":\"Archiv\",\"dialog_layout\":\"modal\",\"dialog_offcanvas_flip\":true,\"icon_align\":\"left\",\"link\":\"?page_id=1994\"}}],\"name\":\"ARCHIV BUTTON 2026\"}]}]}]}],\"version\":\"5.0.14\"} --><\/p>\n","protected":false},"excerpt":{"rendered":"<p>Programm&shy;&uuml;bersicht 2025 19 Freitag September Wissenschaftliches Programm 10:00 Martin WiesholzerPeter Bettelheim Begr\u00fc\u00dfung 10:10 Vositzende: Lukas Krammer, Philipp Darling Nebenwirkungen und deren Management in der H\u00e4ma&shy;tologie 10:10 Konstantin Krychtiuk Kardiologische Nebenwirkungenin der H\u00e4ma&shy;tologie 10:40 Martin Wiesholzer Nephrologische Nebenwirkungenin der H\u00e4ma&shy;tologie 11:10 Vositzende: Josef Singer, Petra Pichler-Izmir Multiples Myelom, indolente Lymphome 11:10 Niklas Zojer Therapie relapsiertes Myelom [&hellip;]<\/p>\n","protected":false},"author":1,"featured_media":0,"parent":0,"menu_order":0,"comment_status":"open","ping_status":"closed","template":"","meta":{"footnotes":""},"class_list":["post-2841","page","type-page","status-publish","hentry"],"_links":{"self":[{"href":"https:\/\/www.hemadays.net\/index.php?rest_route=\/wp\/v2\/pages\/2841","targetHints":{"allow":["GET"]}}],"collection":[{"href":"https:\/\/www.hemadays.net\/index.php?rest_route=\/wp\/v2\/pages"}],"about":[{"href":"https:\/\/www.hemadays.net\/index.php?rest_route=\/wp\/v2\/types\/page"}],"author":[{"embeddable":true,"href":"https:\/\/www.hemadays.net\/index.php?rest_route=\/wp\/v2\/users\/1"}],"replies":[{"embeddable":true,"href":"https:\/\/www.hemadays.net\/index.php?rest_route=%2Fwp%2Fv2%2Fcomments&post=2841"}],"version-history":[{"count":7,"href":"https:\/\/www.hemadays.net\/index.php?rest_route=\/wp\/v2\/pages\/2841\/revisions"}],"predecessor-version":[{"id":2929,"href":"https:\/\/www.hemadays.net\/index.php?rest_route=\/wp\/v2\/pages\/2841\/revisions\/2929"}],"wp:attachment":[{"href":"https:\/\/www.hemadays.net\/index.php?rest_route=%2Fwp%2Fv2%2Fmedia&parent=2841"}],"curies":[{"name":"wp","href":"https:\/\/api.w.org\/{rel}","templated":true}]}}